{"id":15,"date":"2025-12-17T20:22:08","date_gmt":"2025-12-17T20:22:08","guid":{"rendered":"https:\/\/peauxdebananes.fr\/?page_id=15"},"modified":"2026-03-11T15:14:28","modified_gmt":"2026-03-11T15:14:28","slug":"accueil","status":"publish","type":"page","link":"https:\/\/peauxdebananes.fr\/","title":{"rendered":"Bienvenue chez Peaux De Bananes !!"},"content":{"rendered":"\n<p class=\"has-medium-font-size\">C&rsquo;est ici que vous allez voir mes cr\u00e9ations. Des vestes, des sacs bananes, et des kimonos. <\/p>\n\n\n\n<p class=\"has-medium-font-size\">Toutes les cr\u00e9ations sont faites \u00e0 base de v\u00eatements recycl\u00e9s. Je chine tous les tissus, les v\u00eatements et je les transforme.<\/p>\n\n\n\n<p><\/p>\n","protected":false},"excerpt":{"rendered":"<p>C&rsquo;est ici que vous allez voir mes cr\u00e9ations. Des vestes, des sacs bananes, et des kimonos. Toutes les cr\u00e9ations sont faites \u00e0 base de v\u00eatements recycl\u00e9s. Je chine tous les tissus, les v\u00eatements et je les transforme.<\/p>\n","protected":false},"author":1,"featured_media":264,"parent":0,"menu_order":0,"comment_status":"closed","ping_status":"closed","template":"","meta":{"footnotes":""},"class_list":["post-15","page","type-page","status-publish","has-post-thumbnail","hentry"],"_links":{"self":[{"href":"https:\/\/peauxdebananes.fr\/index.php\/wp-json\/wp\/v2\/pages\/15","targetHints":{"allow":["GET"]}}],"collection":[{"href":"https:\/\/peauxdebananes.fr\/index.php\/wp-json\/wp\/v2\/pages"}],"about":[{"href":"https:\/\/peauxdebananes.fr\/index.php\/wp-json\/wp\/v2\/types\/page"}],"author":[{"embeddable":true,"href":"https:\/\/peauxdebananes.fr\/index.php\/wp-json\/wp\/v2\/users\/1"}],"replies":[{"embeddable":true,"href":"https:\/\/peauxdebananes.fr\/index.php\/wp-json\/wp\/v2\/comments?post=15"}],"version-history":[{"count":14,"href":"https:\/\/peauxdebananes.fr\/index.php\/wp-json\/wp\/v2\/pages\/15\/revisions"}],"predecessor-version":[{"id":342,"href":"https:\/\/peauxdebananes.fr\/index.php\/wp-json\/wp\/v2\/pages\/15\/revisions\/342"}],"wp:featuredmedia":[{"embeddable":true,"href":"https:\/\/peauxdebananes.fr\/index.php\/wp-json\/wp\/v2\/media\/264"}],"wp:attachment":[{"href":"https:\/\/peauxdebananes.fr\/index.php\/wp-json\/wp\/v2\/media?parent=15"}],"curies":[{"name":"wp","href":"https:\/\/api.w.org\/{rel}","templated":true}]}}