{"id":16,"date":"2025-12-17T20:22:08","date_gmt":"2025-12-17T20:22:08","guid":{"rendered":"https:\/\/peauxdebananes.fr\/?page_id=16"},"modified":"2026-03-10T09:53:24","modified_gmt":"2026-03-10T09:53:24","slug":"a-propos-de","status":"publish","type":"page","link":"https:\/\/peauxdebananes.fr\/index.php\/a-propos-de\/","title":{"rendered":"Peaux De Bananes c&rsquo;est quoi ?"},"content":{"rendered":"<div class=\"wp-block-image\">\n<figure class=\"alignleft size-full is-resized\"><img loading=\"lazy\" decoding=\"async\" width=\"667\" height=\"810\" src=\"https:\/\/peauxdebananes.fr\/wp-content\/uploads\/2026\/03\/SKUZE0910.jpeg\" alt=\"\" class=\"wp-image-64\" style=\"aspect-ratio:0.8234717955567428;width:212px;height:auto\" srcset=\"https:\/\/peauxdebananes.fr\/wp-content\/uploads\/2026\/03\/SKUZE0910.jpeg 667w, https:\/\/peauxdebananes.fr\/wp-content\/uploads\/2026\/03\/SKUZE0910-247x300.jpeg 247w\" sizes=\"auto, (max-width: 667px) 100vw, 667px\" \/><\/figure>\n<\/div>\n\n\n<p class=\"has-medium-font-size\">C\u2019est moi, Thomas, ancien instit, daron de 3 enfants. Le projet a d\u00e9marr\u00e9 par des essais coutures, majoritairement pour habiller mes enfants avec des tissus bien cool&#8230;\u00e7a co\u00fbte moins cher et \u00e7a rend fier.<\/p>\n\n\n\n<p class=\"has-medium-font-size\">J&rsquo;ai fait d&rsquo;autres essais pour des potes en festival. J&rsquo;ai fil\u00e9 une dizaine de sacs bananes, \u00e7a a plu et on m&rsquo;a conseill\u00e9 de me lancer. <\/p>\n\n\n\n<p class=\"has-medium-font-size\">Depuis JE COUDS vingt-dieu ! Je fouille <strong>les ressouceries<\/strong> autour de chez moi (Morbihan) pour trouver un maximum de tissus bien styl\u00e9s.<\/p>\n\n\n\n<p class=\"has-medium-font-size\">Les sacs bananes sont alors faits de <strong>diff\u00e9rentes \u00ab&nbsp;peaux&nbsp;\u00bb<\/strong>, mix\u00e9es entre elles, troqu\u00e9es ou chin\u00e9es puis cousues pour en faire quelque chose d\u2019unique.<\/p>\n\n\n\n<p class=\"has-medium-font-size\"><strong>Aucun mod\u00e8le ne ressemble \u00e0 un autre.<\/strong><\/p>\n\n\n\n<p class=\"has-medium-font-size\">L\u2019objectif est simple :<\/p>\n\n\n\n<p class=\"has-medium-font-size\"><strong>Faire un accessoire bien styl\u00e9 et unique en utilisant le maximum du tissu.<\/strong><\/p>\n\n\n\n<p class=\"has-medium-font-size\">J&rsquo;essaie d&rsquo;utiliser au maximum ce que je r\u00e9cup\u00e8re.<\/p>\n\n\n\n<p class=\"has-medium-font-size\">Reste alors la question du <strong>degr\u00e9 de recyclage<\/strong> de ces v\u00eatements : <strong>Il ne reste g\u00e9n\u00e9ralement pas grand chose. Souvent des chutes trop petites pour \u00eatre r\u00e9utilis\u00e9es.<\/strong><\/p>\n\n\n\n<p class=\"has-medium-font-size\">Les chutes de tissus sont m\u00e9lang\u00e9es (ou pas selon l&rsquo;\u00e9paisseur du tissu) avec de la ouate ou d\u2019autres mati\u00e8res en volume pour rembourrer diverses choses (un coussin mang\u00e9 par le chien, un bout tout plat du canap\u00e9, ou m\u00eame les doudous d\u00e9sint\u00e9gr\u00e9 de vos enfants\u2026)<\/p>\n","protected":false},"excerpt":{"rendered":"<p>C\u2019est moi, Thomas, ancien instit, daron de 3 enfants. Le projet a d\u00e9marr\u00e9 par des essais coutures, majoritairement pour habiller mes enfants avec des tissus bien cool&#8230;\u00e7a co\u00fbte moins cher et \u00e7a rend fier. J&rsquo;ai fait d&rsquo;autres essais pour des potes en festival. J&rsquo;ai fil\u00e9 une dizaine de sacs bananes, \u00e7a a plu et on &hellip; <\/p>\n<p class=\"link-more\"><a href=\"https:\/\/peauxdebananes.fr\/index.php\/a-propos-de\/\" class=\"more-link\">Continuer la lecture<span class=\"screen-reader-text\"> de &laquo;&nbsp;Peaux De Bananes c&rsquo;est quoi ?&nbsp;&raquo;<\/span><\/a><\/p>\n","protected":false},"author":1,"featured_media":0,"parent":0,"menu_order":0,"comment_status":"closed","ping_status":"closed","template":"","meta":{"footnotes":""},"class_list":["post-16","page","type-page","status-publish","hentry"],"_links":{"self":[{"href":"https:\/\/peauxdebananes.fr\/index.php\/wp-json\/wp\/v2\/pages\/16","targetHints":{"allow":["GET"]}}],"collection":[{"href":"https:\/\/peauxdebananes.fr\/index.php\/wp-json\/wp\/v2\/pages"}],"about":[{"href":"https:\/\/peauxdebananes.fr\/index.php\/wp-json\/wp\/v2\/types\/page"}],"author":[{"embeddable":true,"href":"https:\/\/peauxdebananes.fr\/index.php\/wp-json\/wp\/v2\/users\/1"}],"replies":[{"embeddable":true,"href":"https:\/\/peauxdebananes.fr\/index.php\/wp-json\/wp\/v2\/comments?post=16"}],"version-history":[{"count":16,"href":"https:\/\/peauxdebananes.fr\/index.php\/wp-json\/wp\/v2\/pages\/16\/revisions"}],"predecessor-version":[{"id":305,"href":"https:\/\/peauxdebananes.fr\/index.php\/wp-json\/wp\/v2\/pages\/16\/revisions\/305"}],"wp:attachment":[{"href":"https:\/\/peauxdebananes.fr\/index.php\/wp-json\/wp\/v2\/media?parent=16"}],"curies":[{"name":"wp","href":"https:\/\/api.w.org\/{rel}","templated":true}]}}