{"id":319,"date":"2026-03-10T10:37:01","date_gmt":"2026-03-10T10:37:01","guid":{"rendered":"https:\/\/peauxdebananes.fr\/?page_id=319"},"modified":"2026-03-10T11:55:45","modified_gmt":"2026-03-10T11:55:45","slug":"tu-veux-apprendre-la-couture-et-creer-quelque-chose-ya-moyen-oui","status":"publish","type":"page","link":"https:\/\/peauxdebananes.fr\/index.php\/tu-veux-apprendre-la-couture-et-creer-quelque-chose-ya-moyen-oui\/","title":{"rendered":"Tu veux apprendre la couture et cr\u00e9er quelque chose ? Y&rsquo;a moyen oui."},"content":{"rendered":"\n<p class=\"has-medium-font-size\">Je donne des cours de couture pour <strong>enfants<\/strong> et <strong>adultes<\/strong> <strong>d\u00e9butants<\/strong>. J&rsquo;ai la possibilit\u00e9 de recevoir <strong>2 personnes<\/strong> (j&rsquo;ai deux machines en plus).<\/p>\n\n\n\n<p class=\"has-medium-font-size\"><strong>Le prix est pour une cr\u00e9ation<\/strong>, peut importe le temps pass\u00e9 \u00e0 la faire : <\/p>\n\n\n\n<p class=\"has-medium-font-size\">Pour les <strong>kids<\/strong> (\u00e0 partir de <strong>8 ans<\/strong>) je propose de cr\u00e9er des choses plus simples : <strong>pochette zip\u00e9e, trousse d&rsquo;\u00e9cole<\/strong> et <strong>tote bag<\/strong>. Prix fixe  : <strong>30\u20ac la cr\u00e9ation.<\/strong><\/p>\n\n\n\n<div class=\"wp-block-group\"><div class=\"wp-block-group__inner-container is-layout-constrained wp-block-group-is-layout-constrained\">\n<p class=\"has-medium-font-size\">Pour les ados et adultes : <\/p>\n\n\n\n<p class=\"has-medium-font-size\"><strong>-60\u20ac la cr\u00e9ation de Banane<\/strong><\/p>\n\n\n\n<p class=\"has-medium-font-size\"><strong>-100\u20ac la cr\u00e9ation de Kimono<\/strong><\/p>\n<\/div><\/div>\n\n\n\n<hr class=\"wp-block-separator has-alpha-channel-opacity is-style-wide\"\/>\n\n\n\n<p class=\"has-medium-font-size\">\u00c7a se passe les <strong>mercredis<\/strong>. Chez moi. Dans une cave sombre et humide&#8230;(en vrai c&rsquo;est dans le grenier, c&rsquo;est tr\u00e8s grand et presque lumineux).<\/p>\n\n\n\n<p class=\"has-medium-font-size\">Tu peux ramener du tissu ou choisir dans les miens.<\/p>\n\n\n\n<p class=\"has-medium-font-size\">-Pour les Bananes, ram\u00e8ne deux coupons de 50x50cm.<\/p>\n\n\n\n<p class=\"has-medium-font-size\">-Pour les kimono, ram\u00e8ne une nappe ou un rideau, \u00e7a fera l&rsquo;affaire. (150x200cm minimum)<\/p>\n\n\n\n<p class=\"has-medium-font-size\">La dur\u00e9e du cours d\u00e9pend du bon d\u00e9roulement des op\u00e9rations. La prise en main de la machine, les bugs de machine, les erreurs \u00e0 rattraper, etc.<\/p>\n\n\n\n<p class=\"has-medium-font-size\">Normalement, au bout de 2\/3h on arrive au bout<\/p>\n\n\n\n<p class=\"has-medium-font-size\">Tu peux m&rsquo;appeler, c&rsquo;est ok : <\/p>\n\n\n\n<a href=\"tel:+33684264132\">0684264132<\/a>\n\n\n\n<p><\/p>\n","protected":false},"excerpt":{"rendered":"<p>Je donne des cours de couture pour enfants et adultes d\u00e9butants. J&rsquo;ai la possibilit\u00e9 de recevoir 2 personnes (j&rsquo;ai deux machines en plus). Le prix est pour une cr\u00e9ation, peut importe le temps pass\u00e9 \u00e0 la faire : Pour les kids (\u00e0 partir de 8 ans) je propose de cr\u00e9er des choses plus simples : &hellip; <\/p>\n<p class=\"link-more\"><a href=\"https:\/\/peauxdebananes.fr\/index.php\/tu-veux-apprendre-la-couture-et-creer-quelque-chose-ya-moyen-oui\/\" class=\"more-link\">Continuer la lecture<span class=\"screen-reader-text\"> de &laquo;&nbsp;Tu veux apprendre la couture et cr\u00e9er quelque chose ? Y&rsquo;a moyen oui.&nbsp;&raquo;<\/span><\/a><\/p>\n","protected":false},"author":1,"featured_media":0,"parent":0,"menu_order":0,"comment_status":"closed","ping_status":"closed","template":"","meta":{"footnotes":""},"class_list":["post-319","page","type-page","status-publish","hentry"],"_links":{"self":[{"href":"https:\/\/peauxdebananes.fr\/index.php\/wp-json\/wp\/v2\/pages\/319","targetHints":{"allow":["GET"]}}],"collection":[{"href":"https:\/\/peauxdebananes.fr\/index.php\/wp-json\/wp\/v2\/pages"}],"about":[{"href":"https:\/\/peauxdebananes.fr\/index.php\/wp-json\/wp\/v2\/types\/page"}],"author":[{"embeddable":true,"href":"https:\/\/peauxdebananes.fr\/index.php\/wp-json\/wp\/v2\/users\/1"}],"replies":[{"embeddable":true,"href":"https:\/\/peauxdebananes.fr\/index.php\/wp-json\/wp\/v2\/comments?post=319"}],"version-history":[{"count":6,"href":"https:\/\/peauxdebananes.fr\/index.php\/wp-json\/wp\/v2\/pages\/319\/revisions"}],"predecessor-version":[{"id":334,"href":"https:\/\/peauxdebananes.fr\/index.php\/wp-json\/wp\/v2\/pages\/319\/revisions\/334"}],"wp:attachment":[{"href":"https:\/\/peauxdebananes.fr\/index.php\/wp-json\/wp\/v2\/media?parent=319"}],"curies":[{"name":"wp","href":"https:\/\/api.w.org\/{rel}","templated":true}]}}